{"id":22,"date":"2025-02-08T11:03:04","date_gmt":"2025-02-08T11:03:04","guid":{"rendered":"https:\/\/snw.pt\/?page_id=22"},"modified":"2025-02-08T11:03:06","modified_gmt":"2025-02-08T11:03:06","slug":"a-nossa-missao","status":"publish","type":"page","link":"https:\/\/snw.pt\/index.php\/a-nossa-missao\/","title":{"rendered":"A Nossa Miss\u00e3o"},"content":{"rendered":"\n<p>Na <strong>Skynetwork<\/strong>, a nossa miss\u00e3o \u00e9 tornar a tecnologia acess\u00edvel a todos, proporcionando solu\u00e7\u00f5es inovadoras que melhoram o dia a dia dos nossos clientes. Acreditamos que a tecnologia deve ser intuitiva, funcional e inspiradora, ajudando a criar um mundo mais conectado e eficiente.<\/p>\n\n\n\n<p>Comprometemo-nos a oferecer produtos de alta qualidade, um atendimento de excel\u00eancia e uma experi\u00eancia de compra segura e conveniente. Estamos aqui para simplificar a sua vida, ligando-o ao futuro com as melhores inova\u00e7\u00f5es do mercado.<\/p>\n\n\n\n<p><strong>Skynetwork \u2013 Tecnologia ao seu alcance.<\/strong><\/p>\n","protected":false},"excerpt":{"rendered":"<p>Na Skynetwork, a nossa miss\u00e3o \u00e9 tornar a tecnologia acess\u00edvel a todos, proporcionando solu\u00e7\u00f5es inovadoras que melhoram o dia a dia dos nossos clientes. Acreditamos que a tecnologia deve ser intuitiva, funcional e inspiradora, ajudando a criar um mundo mais conectado e eficiente. Comprometemo-nos a oferecer produtos de alta qualidade, um atendimento de excel\u00eancia e [&hellip;]<\/p>\n","protected":false},"author":1,"featured_media":0,"parent":0,"menu_order":0,"comment_status":"closed","ping_status":"closed","template":"","meta":{"content-type":"","footnotes":""},"class_list":["post-22","page","type-page","status-publish","hentry"],"aioseo_notices":[],"_links":{"self":[{"href":"https:\/\/snw.pt\/index.php\/wp-json\/wp\/v2\/pages\/22","targetHints":{"allow":["GET"]}}],"collection":[{"href":"https:\/\/snw.pt\/index.php\/wp-json\/wp\/v2\/pages"}],"about":[{"href":"https:\/\/snw.pt\/index.php\/wp-json\/wp\/v2\/types\/page"}],"author":[{"embeddable":true,"href":"https:\/\/snw.pt\/index.php\/wp-json\/wp\/v2\/users\/1"}],"replies":[{"embeddable":true,"href":"https:\/\/snw.pt\/index.php\/wp-json\/wp\/v2\/comments?post=22"}],"version-history":[{"count":1,"href":"https:\/\/snw.pt\/index.php\/wp-json\/wp\/v2\/pages\/22\/revisions"}],"predecessor-version":[{"id":23,"href":"https:\/\/snw.pt\/index.php\/wp-json\/wp\/v2\/pages\/22\/revisions\/23"}],"wp:attachment":[{"href":"https:\/\/snw.pt\/index.php\/wp-json\/wp\/v2\/media?parent=22"}],"curies":[{"name":"wp","href":"https:\/\/api.w.org\/{rel}","templated":true}]}}