{"id":19,"date":"2025-02-08T11:00:56","date_gmt":"2025-02-08T11:00:56","guid":{"rendered":"https:\/\/snw.pt\/?page_id=19"},"modified":"2025-02-08T11:00:57","modified_gmt":"2025-02-08T11:00:57","slug":"quem-somos","status":"publish","type":"page","link":"https:\/\/snw.pt\/index.php\/quem-somos\/","title":{"rendered":"Quem Somos"},"content":{"rendered":"\n<p>Na <strong>Skynetwork<\/strong>, acreditamos que a tecnologia tem o poder de transformar vidas. Somos uma equipa apaixonada por inova\u00e7\u00e3o, dedicada a oferecer os mais avan\u00e7ados artigos tecnol\u00f3gicos para que esteja sempre um passo \u00e0 frente.<\/p>\n\n\n\n<p>Desde gadgets inteligentes a equipamentos de \u00faltima gera\u00e7\u00e3o, selecionamos cuidadosamente cada produto para garantir qualidade, desempenho e inova\u00e7\u00e3o. O nosso compromisso \u00e9 proporcionar uma experi\u00eancia de compra simples, segura e personalizada, com um servi\u00e7o de atendimento que coloca as suas necessidades em primeiro lugar.<\/p>\n\n\n\n<p>Conectamos tecnologia ao seu dia a dia. Conectamos o futuro a si. <strong>Bem-vindo \u00e0 Skynetwork!<\/strong><\/p>\n","protected":false},"excerpt":{"rendered":"<p>Na Skynetwork, acreditamos que a tecnologia tem o poder de transformar vidas. Somos uma equipa apaixonada por inova\u00e7\u00e3o, dedicada a oferecer os mais avan\u00e7ados artigos tecnol\u00f3gicos para que esteja sempre um passo \u00e0 frente. Desde gadgets inteligentes a equipamentos de \u00faltima gera\u00e7\u00e3o, selecionamos cuidadosamente cada produto para garantir qualidade, desempenho e inova\u00e7\u00e3o. O nosso compromisso [&hellip;]<\/p>\n","protected":false},"author":1,"featured_media":0,"parent":0,"menu_order":0,"comment_status":"closed","ping_status":"closed","template":"","meta":{"content-type":"","footnotes":""},"class_list":["post-19","page","type-page","status-publish","hentry"],"aioseo_notices":[],"_links":{"self":[{"href":"https:\/\/snw.pt\/index.php\/wp-json\/wp\/v2\/pages\/19","targetHints":{"allow":["GET"]}}],"collection":[{"href":"https:\/\/snw.pt\/index.php\/wp-json\/wp\/v2\/pages"}],"about":[{"href":"https:\/\/snw.pt\/index.php\/wp-json\/wp\/v2\/types\/page"}],"author":[{"embeddable":true,"href":"https:\/\/snw.pt\/index.php\/wp-json\/wp\/v2\/users\/1"}],"replies":[{"embeddable":true,"href":"https:\/\/snw.pt\/index.php\/wp-json\/wp\/v2\/comments?post=19"}],"version-history":[{"count":1,"href":"https:\/\/snw.pt\/index.php\/wp-json\/wp\/v2\/pages\/19\/revisions"}],"predecessor-version":[{"id":21,"href":"https:\/\/snw.pt\/index.php\/wp-json\/wp\/v2\/pages\/19\/revisions\/21"}],"wp:attachment":[{"href":"https:\/\/snw.pt\/index.php\/wp-json\/wp\/v2\/media?parent=19"}],"curies":[{"name":"wp","href":"https:\/\/api.w.org\/{rel}","templated":true}]}}